{"id":18,"date":"2024-02-05T08:34:31","date_gmt":"2024-02-05T07:34:31","guid":{"rendered":"https:\/\/carniato.eu\/?page_id=18"},"modified":"2024-03-14T08:51:41","modified_gmt":"2024-03-14T07:51:41","slug":"participation-a-la-conference-de-bernard-boutboul-le-vin-en-restauration-menace-fatale-ou-opportunite","status":"publish","type":"page","link":"https:\/\/carniato.eu\/index.php\/participation-a-la-conference-de-bernard-boutboul-le-vin-en-restauration-menace-fatale-ou-opportunite\/","title":{"rendered":"Participation \u00e0 la Conf\u00e9rence de Bernard Boutboul &#8220;Le vin en restauration menace fatale ou opportunit\u00e9 ?&#8221;"},"content":{"rendered":"\n<p class=\"has-text-align-center has-vivid-red-color has-text-color has-link-color has-large-font-size wp-elements-1ca4f9003eaa3d94c730602b547a75e0\">Les inscriptions \u00e0 l&#8217;\u00e9v\u00e8nement CARNIATO du 18 mars sont d\u00e9sormais ferm\u00e9es.<\/p>\n\n\n\n<p class=\"has-text-align-center has-vivid-red-color has-text-color has-link-color has-large-font-size wp-elements-5b43936b5232c7603bdb5c1b3cd8aca4\">Merci de votre compr\u00e9hension, \u00e0 bient\u00f4t.<\/p>\n","protected":false},"excerpt":{"rendered":"<p>Les inscriptions \u00e0 l&#8217;\u00e9v\u00e8nement CARNIATO du 18 mars sont d\u00e9sormais ferm\u00e9es. Merci de votre compr\u00e9hension, \u00e0 bient\u00f4t.<\/p>\n","protected":false},"author":1,"featured_media":0,"parent":0,"menu_order":0,"comment_status":"closed","ping_status":"closed","template":"","meta":{"footnotes":""},"class_list":["post-18","page","type-page","status-publish","hentry"],"_links":{"self":[{"href":"https:\/\/carniato.eu\/index.php\/wp-json\/wp\/v2\/pages\/18","targetHints":{"allow":["GET"]}}],"collection":[{"href":"https:\/\/carniato.eu\/index.php\/wp-json\/wp\/v2\/pages"}],"about":[{"href":"https:\/\/carniato.eu\/index.php\/wp-json\/wp\/v2\/types\/page"}],"author":[{"embeddable":true,"href":"https:\/\/carniato.eu\/index.php\/wp-json\/wp\/v2\/users\/1"}],"replies":[{"embeddable":true,"href":"https:\/\/carniato.eu\/index.php\/wp-json\/wp\/v2\/comments?post=18"}],"version-history":[{"count":4,"href":"https:\/\/carniato.eu\/index.php\/wp-json\/wp\/v2\/pages\/18\/revisions"}],"predecessor-version":[{"id":31,"href":"https:\/\/carniato.eu\/index.php\/wp-json\/wp\/v2\/pages\/18\/revisions\/31"}],"wp:attachment":[{"href":"https:\/\/carniato.eu\/index.php\/wp-json\/wp\/v2\/media?parent=18"}],"curies":[{"name":"wp","href":"https:\/\/api.w.org\/{rel}","templated":true}]}}