{"id":7,"date":"2024-02-05T08:11:48","date_gmt":"2024-02-05T07:11:48","guid":{"rendered":"https:\/\/carniato.eu\/?page_id=7"},"modified":"2024-03-14T08:50:51","modified_gmt":"2024-03-14T07:50:51","slug":"invitation-lundi-18-mars-au-ritz","status":"publish","type":"page","link":"https:\/\/carniato.eu\/index.php\/invitation-lundi-18-mars-au-ritz\/","title":{"rendered":"Invitation Lundi 18 Mars 2024 au Ritz"},"content":{"rendered":"\n<p class=\"has-text-align-center has-vivid-red-color has-text-color has-link-color has-large-font-size wp-elements-1ca4f9003eaa3d94c730602b547a75e0\">Les inscriptions \u00e0 l&#8217;\u00e9v\u00e8nement CARNIATO du 18 mars sont d\u00e9sormais ferm\u00e9es.<\/p>\n\n\n\n<p class=\"has-text-align-center has-vivid-red-color has-text-color has-link-color has-large-font-size wp-elements-5b43936b5232c7603bdb5c1b3cd8aca4\">Merci de votre compr\u00e9hension, \u00e0 bient\u00f4t.<\/p>\n","protected":false},"excerpt":{"rendered":"<p>Les inscriptions \u00e0 l&#8217;\u00e9v\u00e8nement CARNIATO du 18 mars sont d\u00e9sormais ferm\u00e9es. Merci de votre compr\u00e9hension, \u00e0 bient\u00f4t.<\/p>\n","protected":false},"author":1,"featured_media":0,"parent":0,"menu_order":0,"comment_status":"closed","ping_status":"closed","template":"","meta":{"footnotes":""},"class_list":["post-7","page","type-page","status-publish","hentry"],"_links":{"self":[{"href":"https:\/\/carniato.eu\/index.php\/wp-json\/wp\/v2\/pages\/7","targetHints":{"allow":["GET"]}}],"collection":[{"href":"https:\/\/carniato.eu\/index.php\/wp-json\/wp\/v2\/pages"}],"about":[{"href":"https:\/\/carniato.eu\/index.php\/wp-json\/wp\/v2\/types\/page"}],"author":[{"embeddable":true,"href":"https:\/\/carniato.eu\/index.php\/wp-json\/wp\/v2\/users\/1"}],"replies":[{"embeddable":true,"href":"https:\/\/carniato.eu\/index.php\/wp-json\/wp\/v2\/comments?post=7"}],"version-history":[{"count":5,"href":"https:\/\/carniato.eu\/index.php\/wp-json\/wp\/v2\/pages\/7\/revisions"}],"predecessor-version":[{"id":29,"href":"https:\/\/carniato.eu\/index.php\/wp-json\/wp\/v2\/pages\/7\/revisions\/29"}],"wp:attachment":[{"href":"https:\/\/carniato.eu\/index.php\/wp-json\/wp\/v2\/media?parent=7"}],"curies":[{"name":"wp","href":"https:\/\/api.w.org\/{rel}","templated":true}]}}